{"id":640,"date":"2019-12-12T09:28:44","date_gmt":"2019-12-12T09:28:44","guid":{"rendered":"http:\/\/irecco.wgl-demo.net\/?page_id=640"},"modified":"2020-11-06T11:05:20","modified_gmt":"2020-11-06T11:05:20","slug":"contact-azolis-france-maroc","status":"publish","type":"page","link":"https:\/\/azolis.com\/en\/contact-azolis-france-maroc\/","title":{"rendered":"Contact"},"content":{"rendered":"<div data-elementor-type=\"wp-page\" data-elementor-id=\"640\" class=\"elementor elementor-640\">\n\t\t\t\t\t\t<section class=\"elementor-section elementor-top-section elementor-element elementor-element-979cca0 elementor-section-boxed elementor-section-height-default elementor-section-height-default\" data-id=\"979cca0\" data-element_type=\"section\">\n\t\t\t\t\t\t<div class=\"elementor-container elementor-column-gap-default\">\n\t\t\t\t\t<div class=\"elementor-column elementor-col-100 elementor-top-column elementor-element elementor-element-ef72b6f\" data-id=\"ef72b6f\" data-element_type=\"column\">\n\t\t\t<div class=\"elementor-widget-wrap elementor-element-populated\">\n\t\t\t\t\t\t<div class=\"elementor-element elementor-element-075e9af elementor-widget elementor-widget-spacer\" data-id=\"075e9af\" data-element_type=\"widget\" data-widget_type=\"spacer.default\">\n\t\t\t\t<div class=\"elementor-widget-container\">\n\t\t\t\t\t\t\t<div class=\"elementor-spacer\">\n\t\t\t<div class=\"elementor-spacer-inner\"><\/div>\n\t\t<\/div>\n\t\t\t\t\t\t<\/div>\n\t\t\t\t<\/div>\n\t\t\t\t\t<\/div>\n\t\t<\/div>\n\t\t\t\t\t<\/div>\n\t\t<\/section>\n\t\t\t\t<section class=\"elementor-section elementor-top-section elementor-element elementor-element-87115ff elementor-section-boxed elementor-section-height-default elementor-section-height-default\" data-id=\"87115ff\" data-element_type=\"section\">\n\t\t\t\t\t\t<div class=\"elementor-container elementor-column-gap-default\">\n\t\t\t\t\t<div class=\"elementor-column elementor-col-100 elementor-top-column elementor-element elementor-element-5cc7054\" data-id=\"5cc7054\" data-element_type=\"column\">\n\t\t\t<div class=\"elementor-widget-wrap elementor-element-populated\">\n\t\t\t\t\t\t<div class=\"elementor-element elementor-element-3efc7dc elementor-widget elementor-widget-spacer\" data-id=\"3efc7dc\" data-element_type=\"widget\" data-widget_type=\"spacer.default\">\n\t\t\t\t<div class=\"elementor-widget-container\">\n\t\t\t\t\t\t\t<div class=\"elementor-spacer\">\n\t\t\t<div class=\"elementor-spacer-inner\"><\/div>\n\t\t<\/div>\n\t\t\t\t\t\t<\/div>\n\t\t\t\t<\/div>\n\t\t\t\t<div class=\"elementor-element elementor-element-a2c2f56 divider_yes elementor-widget elementor-widget-wgl-double-headings\" data-id=\"a2c2f56\" data-element_type=\"widget\" data-widget_type=\"wgl-double-headings.default\">\n\t\t\t\t<div class=\"elementor-widget-container\">\n\t\t\t\t\t<div class=\"wgl-double_heading aleft\">\t\t\t\t<h3 class=\"dbl-title_wrapper\"><span class=\"dbl-title dbl-title_1\">Contact us<\/span> \t\t\t\t<\/h3><span class=\"dbl-title dbl-bg_text\">Contact<\/span> \t\t<\/div>\t\t\t\t<\/div>\n\t\t\t\t<\/div>\n\t\t\t\t\t<\/div>\n\t\t<\/div>\n\t\t\t\t\t<\/div>\n\t\t<\/section>\n\t\t\t\t<section class=\"elementor-section elementor-top-section elementor-element elementor-element-7639ff3 elementor-section-boxed elementor-section-height-default elementor-section-height-default\" data-id=\"7639ff3\" data-element_type=\"section\">\n\t\t\t\t\t\t<div class=\"elementor-container elementor-column-gap-default\">\n\t\t\t\t\t<div class=\"elementor-column elementor-col-50 elementor-top-column elementor-element elementor-element-2b8e44b\" data-id=\"2b8e44b\" data-element_type=\"column\">\n\t\t\t<div class=\"elementor-widget-wrap elementor-element-populated\">\n\t\t\t\t\t\t<div class=\"elementor-element elementor-element-fcfe847 elementor-widget-image-box wgl-image-box elementor-position-top aleft elementor-widget elementor-widget-wgl-info-box\" data-id=\"fcfe847\" data-element_type=\"widget\" data-widget_type=\"wgl-info-box.default\">\n\t\t\t\t<div class=\"elementor-widget-container\">\n\t\t\t\t\t<div class=\"wgl-infobox\"><div class=\"wgl-infobox_wrapper elementor-image-box-wrapper\"><div class=\"wgl-infobox-icon_wrapper elementor-image-box-img\"><div class=\"wgl-infobox-icon_container\"><div class=\"wgl-image-box_img\"><span ><img decoding=\"async\" src=\"https:\/\/azolis.com\/wp-content\/uploads\/elementor\/thumbs\/morocco-rlmm4vyi69g4gd98njeogxo72t78h6oyhwmumu2n00.png\" title=\"morocco\" alt=\"morocco\" loading=\"lazy\" \/><\/span><\/div><\/div><\/div><div class=\"wgl-infobox-content_wrapper elementor-image-box-content\"><div class=\"wgl-infobox-title_wrapper\"><\/div><div class=\"wgl-infobox_content\"><p>Futuris Logistics, Route de Rabat 20250, Casablanca - Maroc<\/p><\/div><\/div><\/div><\/div>\t\t\t\t<\/div>\n\t\t\t\t<\/div>\n\t\t\t\t<div class=\"elementor-element elementor-element-9b128c5 elementor-widget-image-box wgl-image-box elementor-position-top aleft elementor-widget elementor-widget-wgl-info-box\" data-id=\"9b128c5\" data-element_type=\"widget\" data-widget_type=\"wgl-info-box.default\">\n\t\t\t\t<div class=\"elementor-widget-container\">\n\t\t\t\t\t<div class=\"wgl-infobox\"><div class=\"wgl-infobox_wrapper elementor-image-box-wrapper\"><div class=\"wgl-infobox-icon_wrapper elementor-image-box-img\"><div class=\"wgl-infobox-icon_container\"><div class=\"wgl-image-box_img\"><span ><img decoding=\"async\" src=\"https:\/\/azolis.com\/wp-content\/uploads\/elementor\/thumbs\/fr-rlmm4vyi69g4gd98njeogxo72t78h6oyhwmumu2n00.png\" title=\"fr\" alt=\"fr\" loading=\"lazy\" \/><\/span><\/div><\/div><\/div><div class=\"wgl-infobox-content_wrapper elementor-image-box-content\"><div class=\"wgl-infobox-title_wrapper\"><\/div><div class=\"wgl-infobox_content\"><p>3, rue Paul Tavernier, 77300 Fontainebleau, France<\/p><\/div><\/div><\/div><\/div>\t\t\t\t<\/div>\n\t\t\t\t<\/div>\n\t\t\t\t<div class=\"elementor-element elementor-element-f63ecc2 elementor-position-left elementor-widget-icon-box wgl-icon-box elementor-view-default aleft elementor-widget elementor-widget-wgl-info-box\" data-id=\"f63ecc2\" data-element_type=\"widget\" data-widget_type=\"wgl-info-box.default\">\n\t\t\t\t<div class=\"elementor-widget-container\">\n\t\t\t\t\t<div class=\"wgl-infobox\"><div class=\"wgl-infobox_wrapper elementor-icon-box-wrapper\"><div class=\"wgl-infobox-icon_wrapper elementor-icon-box-icon\"><div class=\"wgl-infobox-icon_container\"><span class=\"wgl-icon elementor-icon elementor-animation-\" ><i class=\"icon flaticon-at\"><\/i><\/span><\/div><\/div><div class=\"wgl-infobox-content_wrapper elementor-icon-box-content\"><div class=\"wgl-infobox-title_wrapper\"><\/div><div class=\"wgl-infobox_content\"><p><a href=\"mailto:contact@azolis.com\" target=\"_blank\" rel=\"noopener\">Contact@azolis.com<\/a><\/p><\/div><\/div><\/div><\/div>\t\t\t\t<\/div>\n\t\t\t\t<\/div>\n\t\t\t\t<div class=\"elementor-element elementor-element-e21bbb8 elementor-position-left elementor-widget-icon-box wgl-icon-box elementor-view-default aleft elementor-widget elementor-widget-wgl-info-box\" data-id=\"e21bbb8\" data-element_type=\"widget\" data-widget_type=\"wgl-info-box.default\">\n\t\t\t\t<div class=\"elementor-widget-container\">\n\t\t\t\t\t<div class=\"wgl-infobox\"><div class=\"wgl-infobox_wrapper elementor-icon-box-wrapper\"><div class=\"wgl-infobox-icon_wrapper elementor-icon-box-icon\"><div class=\"wgl-infobox-icon_container\"><span class=\"wgl-icon elementor-icon elementor-animation-\" ><i class=\"icon flaticon-phone-1\"><\/i><\/span><\/div><\/div><div class=\"wgl-infobox-content_wrapper elementor-icon-box-content\"><div class=\"wgl-infobox-title_wrapper\"><\/div><div class=\"wgl-infobox_content\"><p>+212 (0) 5 22 34 19 72<br \/>+33 (0) 1 64 70 78 48<\/p><\/div><\/div><\/div><\/div>\t\t\t\t<\/div>\n\t\t\t\t<\/div>\n\t\t\t\t<div class=\"elementor-element elementor-element-a22d3f0 elementor-widget elementor-widget-spacer\" data-id=\"a22d3f0\" data-element_type=\"widget\" data-widget_type=\"spacer.default\">\n\t\t\t\t<div class=\"elementor-widget-container\">\n\t\t\t\t\t\t\t<div class=\"elementor-spacer\">\n\t\t\t<div class=\"elementor-spacer-inner\"><\/div>\n\t\t<\/div>\n\t\t\t\t\t\t<\/div>\n\t\t\t\t<\/div>\n\t\t\t\t<div class=\"elementor-element elementor-element-885ba51 elementor-shape-rounded elementor-widget elementor-widget-wgl-social-icons\" data-id=\"885ba51\" data-element_type=\"widget\" data-widget_type=\"wgl-social-icons.default\">\n\t\t\t\t<div class=\"elementor-widget-container\">\n\t\t\t\t\t\t\t<div class=\"wgl-social-icons elementor-social-icons-wrapper\">\r\n\t\t\t\t\t\t\t<a class=\"elementor-icon elementor-social-icon elementor-social-icon-facebook-f elementor-repeater-item-e42bb22\" href=\"https:\/\/www.facebook.com\/azolis.audit.energetique\/\" target=\"_blank\" title=\"Facebook\">\r\n\t\t\t\t\t<span class=\"elementor-screen-only\">Facebook-f<\/span>\r\n\t\t\t\t\t<i class=\"fab fa-facebook-f\"><\/i>\t\t\t\t<\/a>\r\n\t\t\t\t\t\t\t<a class=\"elementor-icon elementor-social-icon elementor-social-icon-linkedin elementor-repeater-item-c1a67fd\" href=\"https:\/\/www.linkedin.com\/company\/azolis\" target=\"_blank\" title=\"Linkedin\">\r\n\t\t\t\t\t<span class=\"elementor-screen-only\">Linkedin<\/span>\r\n\t\t\t\t\t<i class=\"fab fa-linkedin\"><\/i>\t\t\t\t<\/a>\r\n\t\t\t\t\t<\/div>\r\n\t\t\t\t\t\t<\/div>\n\t\t\t\t<\/div>\n\t\t\t\t\t<\/div>\n\t\t<\/div>\n\t\t\t\t<div class=\"elementor-column elementor-col-50 elementor-top-column elementor-element elementor-element-d927350\" data-id=\"d927350\" data-element_type=\"column\" data-settings=\"{&quot;background_background&quot;:&quot;classic&quot;}\">\n\t\t\t<div class=\"elementor-widget-wrap elementor-element-populated\">\n\t\t\t\t\t\t<div class=\"elementor-element elementor-element-0bd2c1a elementor-widget elementor-widget-heading\" data-id=\"0bd2c1a\" data-element_type=\"widget\" data-widget_type=\"heading.default\">\n\t\t\t\t<div class=\"elementor-widget-container\">\n\t\t\t\t\t<h4 class=\"elementor-heading-title elementor-size-default\">Do you have a solar project?<\/h4>\t\t\t\t<\/div>\n\t\t\t\t<\/div>\n\t\t\t\t<div class=\"elementor-element elementor-element-c56d4ea elementor-widget elementor-widget-text-editor\" data-id=\"c56d4ea\" data-element_type=\"widget\" data-widget_type=\"text-editor.default\">\n\t\t\t\t<div class=\"elementor-widget-container\">\n\t\t\t\t\t\t\t\t\t<p>\n<div class=\"wpcf7 no-js\" id=\"wpcf7-f661-o1\" lang=\"en-US\" dir=\"ltr\" data-wpcf7-id=\"661\">\n<div class=\"screen-reader-response\"><p role=\"status\" aria-live=\"polite\"><\/p> <ul><\/ul><\/div>\n\n<fieldset class=\"hidden-fields-container\">\n<\/fieldset>\n<div class='row'>\n<div class='wgl_col-6'>\n<span class=\"wpcf7-form-control-wrap\" data-name=\"text-759\"><\/span>\n<\/div>\n<div class='wgl_col-6'>\n<span class=\"wpcf7-form-control-wrap\" data-name=\"email-613\"><\/span>\n<\/div>\n<div class='wgl_col-6'>\n<span class=\"wpcf7-form-control-wrap\" data-name=\"text-614\"><\/span>\n<\/div>\n<div class='wgl_col-6'>\n<span class=\"wpcf7-form-control-wrap\" data-name=\"text-615\"><\/span>\n<\/div>\n<div class='wgl_col-12'>\n<span class=\"wpcf7-form-control-wrap\" data-name=\"textarea-876\"><textarea cols=\"40\" rows=\"10\" class=\"wpcf7-form-control wpcf7-textarea\" name=\"textarea-876\"><\/textarea><\/span>\n<\/div>\n<\/div>\n<div class=\"wpcf7-response-output\" aria-hidden=\"true\"><\/div>\n\n<\/div>\n<\/p>\t\t\t\t\t\t\t\t<\/div>\n\t\t\t\t<\/div>\n\t\t\t\t\t<\/div>\n\t\t<\/div>\n\t\t\t\t\t<\/div>\n\t\t<\/section>\n\t\t\t\t<section class=\"elementor-section elementor-top-section elementor-element elementor-element-24c1047 elementor-section-boxed elementor-section-height-default elementor-section-height-default\" data-id=\"24c1047\" data-element_type=\"section\">\n\t\t\t\t\t\t<div class=\"elementor-container elementor-column-gap-default\">\n\t\t\t\t\t<div class=\"elementor-column elementor-col-100 elementor-top-column elementor-element elementor-element-d1e1fca\" data-id=\"d1e1fca\" data-element_type=\"column\">\n\t\t\t<div class=\"elementor-widget-wrap elementor-element-populated\">\n\t\t\t\t\t\t<div class=\"elementor-element elementor-element-e11b782 elementor-widget elementor-widget-spacer\" data-id=\"e11b782\" data-element_type=\"widget\" data-widget_type=\"spacer.default\">\n\t\t\t\t<div class=\"elementor-widget-container\">\n\t\t\t\t\t\t\t<div class=\"elementor-spacer\">\n\t\t\t<div class=\"elementor-spacer-inner\"><\/div>\n\t\t<\/div>\n\t\t\t\t\t\t<\/div>\n\t\t\t\t<\/div>\n\t\t\t\t<div class=\"elementor-element elementor-element-ce92590 elementor-widget elementor-widget-shortcode\" data-id=\"ce92590\" data-element_type=\"widget\" data-widget_type=\"shortcode.default\">\n\t\t\t\t<div class=\"elementor-widget-container\">\n\t\t\t\t\t\t\t<div class=\"elementor-shortcode\"><iframe src=\"https:\/\/www.google.com\/maps\/d\/embed?mid=1x9huX1DpeJjby-uzoNJJntDKvY74HjoN&hl=en\" width=\"640\" height=\"480\"><\/iframe><\/div>\n\t\t\t\t\t\t<\/div>\n\t\t\t\t<\/div>\n\t\t\t\t\t<\/div>\n\t\t<\/div>\n\t\t\t\t\t<\/div>\n\t\t<\/section>\n\t\t\t\t<section class=\"elementor-section elementor-top-section elementor-element elementor-element-7cf5d867 elementor-section-boxed elementor-section-height-default elementor-section-height-default\" data-id=\"7cf5d867\" data-element_type=\"section\">\n\t\t\t\t\t\t<div class=\"elementor-container elementor-column-gap-default\">\n\t\t\t\t\t<div class=\"elementor-column elementor-col-100 elementor-top-column elementor-element elementor-element-15d685ee\" data-id=\"15d685ee\" data-element_type=\"column\">\n\t\t\t<div class=\"elementor-widget-wrap elementor-element-populated\">\n\t\t\t\t\t\t<div class=\"elementor-element elementor-element-472b9f80 elementor-widget elementor-widget-spacer\" data-id=\"472b9f80\" data-element_type=\"widget\" data-widget_type=\"spacer.default\">\n\t\t\t\t<div class=\"elementor-widget-container\">\n\t\t\t\t\t\t\t<div class=\"elementor-spacer\">\n\t\t\t<div class=\"elementor-spacer-inner\"><\/div>\n\t\t<\/div>\n\t\t\t\t\t\t<\/div>\n\t\t\t\t<\/div>\n\t\t\t\t\t<\/div>\n\t\t<\/div>\n\t\t\t\t\t<\/div>\n\t\t<\/section>\n\t\t\t\t<\/div>","protected":false},"excerpt":{"rendered":"<p>Nous contacter Contact Futuris Logistics, Route de Rabat 20250, Casablanca &#8211; Maroc 3, rue Paul Tavernier, 77300 Fontainebleau, France Contact@azolis.com +212 (0) 5 22 34 19 72+33 (0) 1 64 70 78 48 Facebook-f Linkedin Vous souhaitez nous consulter pour votre projet solaire?<\/p>","protected":false},"author":1,"featured_media":2439,"parent":0,"menu_order":0,"comment_status":"closed","ping_status":"closed","template":"","meta":{"footnotes":""},"class_list":["post-640","page","type-page","status-publish","has-post-thumbnail","hentry"],"yoast_head":"<!-- This site is optimized with the Yoast SEO plugin v26.5 - https:\/\/yoast.com\/wordpress\/plugins\/seo\/ -->\n<title>Contact - AZOLIS<\/title>\n<meta name=\"description\" content=\"Prenez contact avec les \u00e9quipes d&#039;AZOLIS en France et au Maroc pour un projet r\u00e9fl\u00e9chi et des solutions solaires fiables et innovantes.\" \/>\n<meta name=\"robots\" content=\"index, follow, max-snippet:-1, max-image-preview:large, max-video-preview:-1\" \/>\n<link rel=\"canonical\" href=\"https:\/\/azolis.com\/en\/contact-azolis-france-maroc\/\" \/>\n<meta property=\"og:locale\" content=\"en_GB\" \/>\n<meta property=\"og:type\" content=\"article\" \/>\n<meta property=\"og:title\" content=\"Contact - AZOLIS\" \/>\n<meta property=\"og:description\" content=\"Prenez contact avec les \u00e9quipes d&#039;AZOLIS en France et au Maroc pour un projet r\u00e9fl\u00e9chi et des solutions solaires fiables et innovantes.\" \/>\n<meta property=\"og:url\" content=\"https:\/\/azolis.com\/en\/contact-azolis-france-maroc\/\" \/>\n<meta property=\"og:site_name\" content=\"AZOLIS\" \/>\n<meta property=\"article:modified_time\" content=\"2020-11-06T11:05:20+00:00\" \/>\n<meta property=\"og:image\" content=\"https:\/\/azolis.com\/wp-content\/uploads\/2020\/03\/Azolis-nos-sollutions-05.png\" \/>\n\t<meta property=\"og:image:width\" content=\"81\" \/>\n\t<meta property=\"og:image:height\" content=\"81\" \/>\n\t<meta property=\"og:image:type\" content=\"image\/png\" \/>\n<meta name=\"twitter:card\" content=\"summary_large_image\" \/>\n<script type=\"application\/ld+json\" class=\"yoast-schema-graph\">{\"@context\":\"https:\/\/schema.org\",\"@graph\":[{\"@type\":\"WebPage\",\"@id\":\"https:\/\/azolis.com\/en\/contact-azolis-france-maroc\/\",\"url\":\"https:\/\/azolis.com\/en\/contact-azolis-france-maroc\/\",\"name\":\"Contact - AZOLIS\",\"isPartOf\":{\"@id\":\"https:\/\/azolis.com\/en\/#website\"},\"primaryImageOfPage\":{\"@id\":\"https:\/\/azolis.com\/en\/contact-azolis-france-maroc\/#primaryimage\"},\"image\":{\"@id\":\"https:\/\/azolis.com\/en\/contact-azolis-france-maroc\/#primaryimage\"},\"thumbnailUrl\":\"https:\/\/azolis.com\/wp-content\/uploads\/2020\/03\/Azolis-nos-sollutions-05.png\",\"datePublished\":\"2019-12-12T09:28:44+00:00\",\"dateModified\":\"2020-11-06T11:05:20+00:00\",\"description\":\"Prenez contact avec les \u00e9quipes d'AZOLIS en France et au Maroc pour un projet r\u00e9fl\u00e9chi et des solutions solaires fiables et innovantes.\",\"inLanguage\":\"en-GB\",\"potentialAction\":[{\"@type\":\"ReadAction\",\"target\":[\"https:\/\/azolis.com\/en\/contact-azolis-france-maroc\/\"]}]},{\"@type\":\"ImageObject\",\"inLanguage\":\"en-GB\",\"@id\":\"https:\/\/azolis.com\/en\/contact-azolis-france-maroc\/#primaryimage\",\"url\":\"https:\/\/azolis.com\/wp-content\/uploads\/2020\/03\/Azolis-nos-sollutions-05.png\",\"contentUrl\":\"https:\/\/azolis.com\/wp-content\/uploads\/2020\/03\/Azolis-nos-sollutions-05.png\",\"width\":81,\"height\":81,\"caption\":\"contact\"},{\"@type\":\"WebSite\",\"@id\":\"https:\/\/azolis.com\/en\/#website\",\"url\":\"https:\/\/azolis.com\/en\/\",\"name\":\"AZOLIS\",\"description\":\"Expert dans le photovolta\u00efque  | Toiture solaire | Hangar solaire\",\"potentialAction\":[{\"@type\":\"SearchAction\",\"target\":{\"@type\":\"EntryPoint\",\"urlTemplate\":\"https:\/\/azolis.com\/en\/?s={search_term_string}\"},\"query-input\":{\"@type\":\"PropertyValueSpecification\",\"valueRequired\":true,\"valueName\":\"search_term_string\"}}],\"inLanguage\":\"en-GB\"}]}<\/script>\n<!-- \/ Yoast SEO plugin. -->","yoast_head_json":{"title":"Contact - AZOLIS","description":"Prenez contact avec les \u00e9quipes d'AZOLIS en France et au Maroc pour un projet r\u00e9fl\u00e9chi et des solutions solaires fiables et innovantes.","robots":{"index":"index","follow":"follow","max-snippet":"max-snippet:-1","max-image-preview":"max-image-preview:large","max-video-preview":"max-video-preview:-1"},"canonical":"https:\/\/azolis.com\/en\/contact-azolis-france-maroc\/","og_locale":"en_GB","og_type":"article","og_title":"Contact - AZOLIS","og_description":"Prenez contact avec les \u00e9quipes d'AZOLIS en France et au Maroc pour un projet r\u00e9fl\u00e9chi et des solutions solaires fiables et innovantes.","og_url":"https:\/\/azolis.com\/en\/contact-azolis-france-maroc\/","og_site_name":"AZOLIS","article_modified_time":"2020-11-06T11:05:20+00:00","og_image":[{"width":81,"height":81,"url":"https:\/\/azolis.com\/wp-content\/uploads\/2020\/03\/Azolis-nos-sollutions-05.png","type":"image\/png"}],"twitter_card":"summary_large_image","schema":{"@context":"https:\/\/schema.org","@graph":[{"@type":"WebPage","@id":"https:\/\/azolis.com\/en\/contact-azolis-france-maroc\/","url":"https:\/\/azolis.com\/en\/contact-azolis-france-maroc\/","name":"Contact - AZOLIS","isPartOf":{"@id":"https:\/\/azolis.com\/en\/#website"},"primaryImageOfPage":{"@id":"https:\/\/azolis.com\/en\/contact-azolis-france-maroc\/#primaryimage"},"image":{"@id":"https:\/\/azolis.com\/en\/contact-azolis-france-maroc\/#primaryimage"},"thumbnailUrl":"https:\/\/azolis.com\/wp-content\/uploads\/2020\/03\/Azolis-nos-sollutions-05.png","datePublished":"2019-12-12T09:28:44+00:00","dateModified":"2020-11-06T11:05:20+00:00","description":"Prenez contact avec les \u00e9quipes d'AZOLIS en France et au Maroc pour un projet r\u00e9fl\u00e9chi et des solutions solaires fiables et innovantes.","inLanguage":"en-GB","potentialAction":[{"@type":"ReadAction","target":["https:\/\/azolis.com\/en\/contact-azolis-france-maroc\/"]}]},{"@type":"ImageObject","inLanguage":"en-GB","@id":"https:\/\/azolis.com\/en\/contact-azolis-france-maroc\/#primaryimage","url":"https:\/\/azolis.com\/wp-content\/uploads\/2020\/03\/Azolis-nos-sollutions-05.png","contentUrl":"https:\/\/azolis.com\/wp-content\/uploads\/2020\/03\/Azolis-nos-sollutions-05.png","width":81,"height":81,"caption":"contact"},{"@type":"WebSite","@id":"https:\/\/azolis.com\/en\/#website","url":"https:\/\/azolis.com\/en\/","name":"AZOLIS","description":"Expert dans le photovolta\u00efque  | Toiture solaire | Hangar solaire","potentialAction":[{"@type":"SearchAction","target":{"@type":"EntryPoint","urlTemplate":"https:\/\/azolis.com\/en\/?s={search_term_string}"},"query-input":{"@type":"PropertyValueSpecification","valueRequired":true,"valueName":"search_term_string"}}],"inLanguage":"en-GB"}]}},"_links":{"self":[{"href":"https:\/\/azolis.com\/en\/wp-json\/wp\/v2\/pages\/640","targetHints":{"allow":["GET"]}}],"collection":[{"href":"https:\/\/azolis.com\/en\/wp-json\/wp\/v2\/pages"}],"about":[{"href":"https:\/\/azolis.com\/en\/wp-json\/wp\/v2\/types\/page"}],"author":[{"embeddable":true,"href":"https:\/\/azolis.com\/en\/wp-json\/wp\/v2\/users\/1"}],"replies":[{"embeddable":true,"href":"https:\/\/azolis.com\/en\/wp-json\/wp\/v2\/comments?post=640"}],"version-history":[{"count":0,"href":"https:\/\/azolis.com\/en\/wp-json\/wp\/v2\/pages\/640\/revisions"}],"wp:featuredmedia":[{"embeddable":true,"href":"https:\/\/azolis.com\/en\/wp-json\/wp\/v2\/media\/2439"}],"wp:attachment":[{"href":"https:\/\/azolis.com\/en\/wp-json\/wp\/v2\/media?parent=640"}],"curies":[{"name":"wp","href":"https:\/\/api.w.org\/{rel}","templated":true}]}}