{"id":593,"date":"2019-12-11T21:11:18","date_gmt":"2019-12-11T21:11:18","guid":{"rendered":"http:\/\/irecco.wgl-demo.net\/?page_id=593"},"modified":"2021-04-14T10:58:34","modified_gmt":"2021-04-14T10:58:34","slug":"rejoignez-nous-recrutement-profils","status":"publish","type":"page","link":"https:\/\/azolis.com\/en\/rejoignez-nous-recrutement-profils\/","title":{"rendered":"Join us"},"content":{"rendered":"<div data-elementor-type=\"wp-page\" data-elementor-id=\"593\" class=\"elementor elementor-593\">\n\t\t\t\t\t\t<section class=\"elementor-section elementor-top-section elementor-element elementor-element-d8bf8bb elementor-section-boxed elementor-section-height-default elementor-section-height-default\" data-id=\"d8bf8bb\" data-element_type=\"section\">\n\t\t\t\t\t\t<div class=\"elementor-container elementor-column-gap-default\">\n\t\t\t\t\t<div class=\"elementor-column elementor-col-100 elementor-top-column elementor-element elementor-element-1849006\" data-id=\"1849006\" data-element_type=\"column\">\n\t\t\t<div class=\"elementor-widget-wrap elementor-element-populated\">\n\t\t\t\t\t\t<div class=\"elementor-element elementor-element-1ff52db elementor-widget elementor-widget-spacer\" data-id=\"1ff52db\" data-element_type=\"widget\" data-widget_type=\"spacer.default\">\n\t\t\t\t<div class=\"elementor-widget-container\">\n\t\t\t\t\t\t\t<div class=\"elementor-spacer\">\n\t\t\t<div class=\"elementor-spacer-inner\"><\/div>\n\t\t<\/div>\n\t\t\t\t\t\t<\/div>\n\t\t\t\t<\/div>\n\t\t\t\t\t<\/div>\n\t\t<\/div>\n\t\t\t\t\t<\/div>\n\t\t<\/section>\n\t\t\t\t<section class=\"elementor-section elementor-top-section elementor-element elementor-element-de86b19 elementor-section-boxed elementor-section-height-default elementor-section-height-default\" data-id=\"de86b19\" data-element_type=\"section\" data-settings=\"{&quot;background_background&quot;:&quot;classic&quot;}\">\n\t\t\t\t\t\t<div class=\"elementor-container elementor-column-gap-default\">\n\t\t\t\t\t<div class=\"elementor-column elementor-col-100 elementor-top-column elementor-element elementor-element-9249157\" data-id=\"9249157\" data-element_type=\"column\">\n\t\t\t<div class=\"elementor-widget-wrap elementor-element-populated\">\n\t\t\t\t\t\t<div class=\"elementor-element elementor-element-e5fff95 divider_yes elementor-widget elementor-widget-wgl-double-headings\" data-id=\"e5fff95\" data-element_type=\"widget\" data-widget_type=\"wgl-double-headings.default\">\n\t\t\t\t<div class=\"elementor-widget-container\">\n\t\t\t\t\t<div class=\"wgl-double_heading acenter\"><div class=\"dbl-subtitle\"><span>~<\/span><\/div>\t\t\t\t<h3 class=\"dbl-title_wrapper\">\t\t\t\t<\/h3><span class=\"dbl-title dbl-bg_text\">Job offers<\/span> \t\t<\/div>\t\t\t\t<\/div>\n\t\t\t\t<\/div>\n\t\t\t\t<div class=\"elementor-element elementor-element-418d0cf elementor-widget elementor-widget-spacer\" data-id=\"418d0cf\" data-element_type=\"widget\" data-widget_type=\"spacer.default\">\n\t\t\t\t<div class=\"elementor-widget-container\">\n\t\t\t\t\t\t\t<div class=\"elementor-spacer\">\n\t\t\t<div class=\"elementor-spacer-inner\"><\/div>\n\t\t<\/div>\n\t\t\t\t\t\t<\/div>\n\t\t\t\t<\/div>\n\t\t\t\t\t<\/div>\n\t\t<\/div>\n\t\t\t\t\t<\/div>\n\t\t<\/section>\n\t\t\t\t<section class=\"elementor-section elementor-top-section elementor-element elementor-element-541647e elementor-section-boxed elementor-section-height-default elementor-section-height-default\" data-id=\"541647e\" data-element_type=\"section\">\n\t\t\t\t\t\t<div class=\"elementor-container elementor-column-gap-default\">\n\t\t\t\t\t<div class=\"elementor-column elementor-col-100 elementor-top-column elementor-element elementor-element-898a2d3\" data-id=\"898a2d3\" data-element_type=\"column\">\n\t\t\t<div class=\"elementor-widget-wrap elementor-element-populated\">\n\t\t\t\t\t\t\t<\/div>\n\t\t<\/div>\n\t\t\t\t\t<\/div>\n\t\t<\/section>\n\t\t\t\t<section class=\"elementor-section elementor-top-section elementor-element elementor-element-0b5c4f9 elementor-section-boxed elementor-section-height-default elementor-section-height-default\" data-id=\"0b5c4f9\" data-element_type=\"section\">\n\t\t\t\t\t\t<div class=\"elementor-container elementor-column-gap-default\">\n\t\t\t\t\t<div class=\"elementor-column elementor-col-100 elementor-top-column elementor-element elementor-element-3a076b4\" data-id=\"3a076b4\" data-element_type=\"column\">\n\t\t\t<div class=\"elementor-widget-wrap elementor-element-populated\">\n\t\t\t\t\t\t<div class=\"elementor-element elementor-element-292bea3 elementor-widget elementor-widget-spacer\" data-id=\"292bea3\" data-element_type=\"widget\" data-widget_type=\"spacer.default\">\n\t\t\t\t<div class=\"elementor-widget-container\">\n\t\t\t\t\t\t\t<div class=\"elementor-spacer\">\n\t\t\t<div class=\"elementor-spacer-inner\"><\/div>\n\t\t<\/div>\n\t\t\t\t\t\t<\/div>\n\t\t\t\t<\/div>\n\t\t\t\t\t<\/div>\n\t\t<\/div>\n\t\t\t\t\t<\/div>\n\t\t<\/section>\n\t\t\t\t<section class=\"elementor-section elementor-top-section elementor-element elementor-element-9ae3b71 elementor-section-boxed elementor-section-height-default elementor-section-height-default\" data-id=\"9ae3b71\" data-element_type=\"section\">\n\t\t\t\t\t\t<div class=\"elementor-container elementor-column-gap-default\">\n\t\t\t\t\t<div class=\"elementor-column elementor-col-100 elementor-top-column elementor-element elementor-element-57ba23c\" data-id=\"57ba23c\" data-element_type=\"column\">\n\t\t\t<div class=\"elementor-widget-wrap elementor-element-populated\">\n\t\t\t\t\t\t<div class=\"elementor-element elementor-element-54c735c elementor-widget elementor-widget-wgl-toggle-accordion\" data-id=\"54c735c\" data-element_type=\"widget\" data-widget_type=\"wgl-toggle-accordion.default\">\n\t\t\t\t<div class=\"elementor-widget-container\">\n\t\t\t\t\t\t\t<div class=\"wgl-accordion icon-plus\" id=\"wgl-accordion-54c735c\" data-type=\"accordion\">\t\t\t\t<div class=\"wgl-accordion_panel\">\r\n\t\t\t\t\t<h4 id=\"wgl-accordion_header-8881\" class=\"wgl-accordion_header\" data-default=\"yes\">\r\n\t\t\t\t\t\t<span class=\"wgl-accordion_title\">\t\t\t\t\t\t\t\t<span class=\"wgl-accordion_title-prefix\">Offre d'emploi Avril 2021 - <\/span>Responsable \u00c9tudes et HSEQ \u2013 AZOLIS MAROC<\/span>\r\n\t\t\t\t\t\t<i class=\"wgl-accordion_icon\"><\/i>\t\t\t\t\t<\/h4>\r\n\t\t\t\t\t<div class=\"wgl-accordion_content\"><p>Ing\u00e9nieur de formation, vous avez acquis une solide exp\u00e9rience et une expertise en Ma\u00eetrise d\u2019\u0152uvre et gestions de projets solaires photovolta\u00efques.<\/p><p>Vous avez d\u00e9j\u00e0 d\u00e9montr\u00e9 vos capacit\u00e9s \u00e0 manager d\u2019autres ing\u00e9nieurs et \u00e0 assurer le suivi technique des projets. Vous serez le r\u00e9f\u00e9rent technique et expert m\u00e9tier.<\/p><p>Vous allez assurer l\u2019appui technique \u00e0 l\u2019\u00e9quipe d\u00e9veloppement d\u00e8s la phase initiale du projet. Vous allez g\u00e9rer les \u00e9tudes, intervenir dans les choix techniques et r\u00e9aliser la revue des plans et de l\u2019ing\u00e9nierie.<\/p><p>Vous piloterez le suivi de l\u2019avant-projet (APS\/APD) jusqu\u2019\u00e0 r\u00e9alisation et r\u00e9ception des travaux dans le respect des objectifs fix\u00e9s (d\u00e9lais, budget, qualit\u00e9, satisfaction client).<\/p><p><a href=\"https:\/\/azolis.com\/wp-content\/uploads\/2021\/04\/202101-Offre-AZOLIS-BE-PV-1.pdf\" target=\"_blank\" rel=\"noopener\"><span>Voir<\/span><span> <\/span><span>plus<\/span><span> <\/span><span>de<\/span><span> <\/span><span>d\u00e9tails<\/span><\/a><\/p><\/div>\r\n\t\t\t\t<\/div>\r\n\t\t<\/div>\t\t\t\t<\/div>\n\t\t\t\t<\/div>\n\t\t\t\t\t<\/div>\n\t\t<\/div>\n\t\t\t\t\t<\/div>\n\t\t<\/section>\n\t\t\t\t<section class=\"elementor-section elementor-top-section elementor-element elementor-element-0dfffdb elementor-section-boxed elementor-section-height-default elementor-section-height-default\" data-id=\"0dfffdb\" data-element_type=\"section\">\n\t\t\t\t\t\t<div class=\"elementor-container elementor-column-gap-default\">\n\t\t\t\t\t<div class=\"elementor-column elementor-col-100 elementor-top-column elementor-element elementor-element-b8e34ff\" data-id=\"b8e34ff\" data-element_type=\"column\">\n\t\t\t<div class=\"elementor-widget-wrap elementor-element-populated\">\n\t\t\t\t\t\t<div class=\"elementor-element elementor-element-f606b68 elementor-widget elementor-widget-spacer\" data-id=\"f606b68\" data-element_type=\"widget\" data-widget_type=\"spacer.default\">\n\t\t\t\t<div class=\"elementor-widget-container\">\n\t\t\t\t\t\t\t<div class=\"elementor-spacer\">\n\t\t\t<div class=\"elementor-spacer-inner\"><\/div>\n\t\t<\/div>\n\t\t\t\t\t\t<\/div>\n\t\t\t\t<\/div>\n\t\t\t\t\t<\/div>\n\t\t<\/div>\n\t\t\t\t\t<\/div>\n\t\t<\/section>\n\t\t\t\t<section class=\"elementor-section elementor-top-section elementor-element elementor-element-f9e56ed elementor-section-boxed elementor-section-height-default elementor-section-height-default\" data-id=\"f9e56ed\" data-element_type=\"section\">\n\t\t\t\t\t\t<div class=\"elementor-container elementor-column-gap-default\">\n\t\t\t\t\t<div class=\"elementor-column elementor-col-100 elementor-top-column elementor-element elementor-element-575e6ad\" data-id=\"575e6ad\" data-element_type=\"column\">\n\t\t\t<div class=\"elementor-widget-wrap elementor-element-populated\">\n\t\t\t\t\t\t<div class=\"elementor-element elementor-element-9a1eee6 elementor-widget elementor-widget-spacer\" data-id=\"9a1eee6\" data-element_type=\"widget\" data-widget_type=\"spacer.default\">\n\t\t\t\t<div class=\"elementor-widget-container\">\n\t\t\t\t\t\t\t<div class=\"elementor-spacer\">\n\t\t\t<div class=\"elementor-spacer-inner\"><\/div>\n\t\t<\/div>\n\t\t\t\t\t\t<\/div>\n\t\t\t\t<\/div>\n\t\t\t\t\t<\/div>\n\t\t<\/div>\n\t\t\t\t\t<\/div>\n\t\t<\/section>\n\t\t\t\t<section class=\"elementor-section elementor-top-section elementor-element elementor-element-24eedbd elementor-section-boxed elementor-section-height-default elementor-section-height-default\" data-id=\"24eedbd\" data-element_type=\"section\">\n\t\t\t\t\t\t<div class=\"elementor-container elementor-column-gap-default\">\n\t\t\t\t\t<div class=\"elementor-column elementor-col-100 elementor-top-column elementor-element elementor-element-646e87b\" data-id=\"646e87b\" data-element_type=\"column\">\n\t\t\t<div class=\"elementor-widget-wrap elementor-element-populated\">\n\t\t\t\t\t\t<div class=\"elementor-element elementor-element-b59b15d divider_yes elementor-widget elementor-widget-wgl-double-headings\" data-id=\"b59b15d\" data-element_type=\"widget\" data-widget_type=\"wgl-double-headings.default\">\n\t\t\t\t<div class=\"elementor-widget-container\">\n\t\t\t\t\t<div class=\"wgl-double_heading acenter\"><div class=\"dbl-subtitle\"><span>~<\/span><\/div>\t\t\t\t<h3 class=\"dbl-title_wrapper\">\t\t\t\t<\/h3><span class=\"dbl-title dbl-bg_text\">Candidature spontan\u00e9e<\/span> \t\t<\/div>\t\t\t\t<\/div>\n\t\t\t\t<\/div>\n\t\t\t\t\t<\/div>\n\t\t<\/div>\n\t\t\t\t\t<\/div>\n\t\t<\/section>\n\t\t\t\t<section class=\"elementor-section elementor-top-section elementor-element elementor-element-81bb5eb elementor-section-boxed elementor-section-height-default elementor-section-height-default\" data-id=\"81bb5eb\" data-element_type=\"section\">\n\t\t\t\t\t\t<div class=\"elementor-container elementor-column-gap-default\">\n\t\t\t\t\t<div class=\"elementor-column elementor-col-100 elementor-top-column elementor-element elementor-element-b3dd9d0\" data-id=\"b3dd9d0\" data-element_type=\"column\">\n\t\t\t<div class=\"elementor-widget-wrap elementor-element-populated\">\n\t\t\t\t\t\t<div class=\"elementor-element elementor-element-aa2afb3 elementor-widget elementor-widget-spacer\" data-id=\"aa2afb3\" data-element_type=\"widget\" data-widget_type=\"spacer.default\">\n\t\t\t\t<div class=\"elementor-widget-container\">\n\t\t\t\t\t\t\t<div class=\"elementor-spacer\">\n\t\t\t<div class=\"elementor-spacer-inner\"><\/div>\n\t\t<\/div>\n\t\t\t\t\t\t<\/div>\n\t\t\t\t<\/div>\n\t\t\t\t\t<\/div>\n\t\t<\/div>\n\t\t\t\t\t<\/div>\n\t\t<\/section>\n\t\t\t\t<section class=\"elementor-section elementor-top-section elementor-element elementor-element-3a4a8cc elementor-section-boxed elementor-section-height-default elementor-section-height-default\" data-id=\"3a4a8cc\" data-element_type=\"section\">\n\t\t\t\t\t\t<div class=\"elementor-container elementor-column-gap-default\">\n\t\t\t\t\t<div class=\"elementor-column elementor-col-100 elementor-top-column elementor-element elementor-element-baa702e\" data-id=\"baa702e\" data-element_type=\"column\">\n\t\t\t<div class=\"elementor-widget-wrap elementor-element-populated\">\n\t\t\t\t\t\t\t<\/div>\n\t\t<\/div>\n\t\t\t\t\t<\/div>\n\t\t<\/section>\n\t\t\t\t<section class=\"elementor-section elementor-top-section elementor-element elementor-element-c555765 elementor-section-boxed elementor-section-height-default elementor-section-height-default\" data-id=\"c555765\" data-element_type=\"section\">\n\t\t\t\t\t\t<div class=\"elementor-container elementor-column-gap-default\">\n\t\t\t\t\t<div class=\"elementor-column elementor-col-100 elementor-top-column elementor-element elementor-element-7d8c43d\" data-id=\"7d8c43d\" data-element_type=\"column\">\n\t\t\t<div class=\"elementor-widget-wrap elementor-element-populated\">\n\t\t\t\t\t\t<div class=\"elementor-element elementor-element-bc22600 elementor-widget elementor-widget-spacer\" data-id=\"bc22600\" data-element_type=\"widget\" data-widget_type=\"spacer.default\">\n\t\t\t\t<div class=\"elementor-widget-container\">\n\t\t\t\t\t\t\t<div class=\"elementor-spacer\">\n\t\t\t<div class=\"elementor-spacer-inner\"><\/div>\n\t\t<\/div>\n\t\t\t\t\t\t<\/div>\n\t\t\t\t<\/div>\n\t\t\t\t\t<\/div>\n\t\t<\/div>\n\t\t\t\t\t<\/div>\n\t\t<\/section>\n\t\t\t\t<section class=\"elementor-section elementor-top-section elementor-element elementor-element-196cb2c elementor-section-boxed elementor-section-height-default elementor-section-height-default\" data-id=\"196cb2c\" data-element_type=\"section\">\n\t\t\t\t\t\t<div class=\"elementor-container elementor-column-gap-default\">\n\t\t\t\t\t<div class=\"elementor-column elementor-col-16 elementor-top-column elementor-element elementor-element-77a3516\" data-id=\"77a3516\" data-element_type=\"column\">\n\t\t\t<div class=\"elementor-widget-wrap\">\n\t\t\t\t\t\t\t<\/div>\n\t\t<\/div>\n\t\t\t\t<div class=\"elementor-column elementor-col-66 elementor-top-column elementor-element elementor-element-2b90fc8\" data-id=\"2b90fc8\" data-element_type=\"column\">\n\t\t\t<div class=\"elementor-widget-wrap elementor-element-populated\">\n\t\t\t\t\t\t<div class=\"elementor-element elementor-element-6a9e9a9 elementor-widget elementor-widget-text-editor\" data-id=\"6a9e9a9\" data-element_type=\"widget\" data-widget_type=\"text-editor.default\">\n\t\t\t\t<div class=\"elementor-widget-container\">\n\t\t\t\t\t\t\t\t\t<p>\n<div class=\"wpcf7 no-js\" id=\"wpcf7-f2012-o1\" lang=\"en-US\" dir=\"ltr\" data-wpcf7-id=\"2012\">\n<div class=\"screen-reader-response\"><p role=\"status\" aria-live=\"polite\"><\/p> <ul><\/ul><\/div>\n\n<fieldset class=\"hidden-fields-container\">\n<\/fieldset>\n<div class='row'>\n<div class='wgl_col-6'>\n<span class=\"wpcf7-form-control-wrap\" data-name=\"text-759\"><\/span>\n<\/div>\n<div class='wgl_col-6'>\n<span class=\"wpcf7-form-control-wrap\" data-name=\"text-614\"><\/span>\n<\/div>\n<div class='wgl_col-6'>\n<span class=\"wpcf7-form-control-wrap\" data-name=\"email-613\"><\/span>\n<\/div>\n<div class='wgl_col-6'>\n<span class=\"wpcf7-form-control-wrap\" data-name=\"text-610\"><\/span>\n<\/div>\n<div class='wgl_col-6'>\n<span class=\"wpcf7-form-control-wrap\" data-name=\"Niveau-detudes\">Niveau d&#039;\u00e9tudes *Bac+2Bac+3Bac+4Bac+5Bac+6 et plus<\/span>\n<\/div>\n<div class='wgl_col-6'>\n<span class=\"wpcf7-form-control-wrap\" data-name=\"Experiences\">Exp\u00e9riences *stage1 an2 ans3 ans4 ans5 ans6 ans et plus<\/span>\n<\/div>\n<div class='wgl_col-6'>\n<label>Curriculum Vitae *\n<span class=\"wpcf7-form-control-wrap\" data-name=\"file-895\"><\/span><\/label>\n<\/div>\n<div class='wgl_col-6'>\n<label>Cover letter *\n<span class=\"wpcf7-form-control-wrap\" data-name=\"file-878\"><\/span><\/label>\n<\/div>\n<div class='wgl_col-12'>\n<span class=\"wpcf7-form-control-wrap\" data-name=\"textarea-876\"><textarea cols=\"40\" rows=\"10\" class=\"wpcf7-form-control wpcf7-textarea\" name=\"textarea-876\"><\/textarea><\/span>\n<\/div>\n<\/div>\n<div class=\"wpcf7-response-output\" aria-hidden=\"true\"><\/div>\n\n<\/div>\n<\/p>\t\t\t\t\t\t\t\t<\/div>\n\t\t\t\t<\/div>\n\t\t\t\t\t<\/div>\n\t\t<\/div>\n\t\t\t\t<div class=\"elementor-column elementor-col-16 elementor-top-column elementor-element elementor-element-098cbea\" data-id=\"098cbea\" data-element_type=\"column\">\n\t\t\t<div class=\"elementor-widget-wrap\">\n\t\t\t\t\t\t\t<\/div>\n\t\t<\/div>\n\t\t\t\t\t<\/div>\n\t\t<\/section>\n\t\t\t\t<section class=\"elementor-section elementor-top-section elementor-element elementor-element-5f66b6f elementor-section-boxed elementor-section-height-default elementor-section-height-default\" data-id=\"5f66b6f\" data-element_type=\"section\">\n\t\t\t\t\t\t<div class=\"elementor-container elementor-column-gap-default\">\n\t\t\t\t\t<div class=\"elementor-column elementor-col-100 elementor-top-column elementor-element elementor-element-fd68f73\" data-id=\"fd68f73\" data-element_type=\"column\">\n\t\t\t<div class=\"elementor-widget-wrap elementor-element-populated\">\n\t\t\t\t\t\t<div class=\"elementor-element elementor-element-ce0a12d elementor-widget elementor-widget-spacer\" data-id=\"ce0a12d\" data-element_type=\"widget\" data-widget_type=\"spacer.default\">\n\t\t\t\t<div class=\"elementor-widget-container\">\n\t\t\t\t\t\t\t<div class=\"elementor-spacer\">\n\t\t\t<div class=\"elementor-spacer-inner\"><\/div>\n\t\t<\/div>\n\t\t\t\t\t\t<\/div>\n\t\t\t\t<\/div>\n\t\t\t\t\t<\/div>\n\t\t<\/div>\n\t\t\t\t\t<\/div>\n\t\t<\/section>\n\t\t\t\t<section class=\"elementor-section elementor-top-section elementor-element elementor-element-553f79e5 elementor-section-boxed elementor-section-height-default elementor-section-height-default\" data-id=\"553f79e5\" data-element_type=\"section\">\n\t\t\t\t\t\t<div class=\"elementor-container elementor-column-gap-default\">\n\t\t\t\t\t<div class=\"elementor-column elementor-col-100 elementor-top-column elementor-element elementor-element-2a1ea85a\" data-id=\"2a1ea85a\" data-element_type=\"column\">\n\t\t\t<div class=\"elementor-widget-wrap elementor-element-populated\">\n\t\t\t\t\t\t<div class=\"elementor-element elementor-element-112dd208 elementor-widget elementor-widget-spacer\" data-id=\"112dd208\" data-element_type=\"widget\" data-widget_type=\"spacer.default\">\n\t\t\t\t<div class=\"elementor-widget-container\">\n\t\t\t\t\t\t\t<div class=\"elementor-spacer\">\n\t\t\t<div class=\"elementor-spacer-inner\"><\/div>\n\t\t<\/div>\n\t\t\t\t\t\t<\/div>\n\t\t\t\t<\/div>\n\t\t\t\t\t<\/div>\n\t\t<\/div>\n\t\t\t\t\t<\/div>\n\t\t<\/section>\n\t\t\t\t<\/div>","protected":false},"excerpt":{"rendered":"<p>~ Offres d&#8217;emploi Offre d&#8217;emploi Avril 2021 &#8211; Responsable \u00c9tudes et HSEQ \u2013 AZOLIS MAROC Ing\u00e9nieur de formation, vous avez acquis une solide exp\u00e9rience et une expertise en Ma\u00eetrise d\u2019\u0152uvre et gestions de projets solaires photovolta\u00efques. Vous avez d\u00e9j\u00e0 d\u00e9montr\u00e9 vos capacit\u00e9s \u00e0 manager d\u2019autres ing\u00e9nieurs et \u00e0 assurer le suivi technique des projets. Vous [&hellip;]<\/p>","protected":false},"author":1,"featured_media":3170,"parent":0,"menu_order":0,"comment_status":"closed","ping_status":"closed","template":"","meta":{"footnotes":""},"class_list":["post-593","page","type-page","status-publish","has-post-thumbnail","hentry"],"yoast_head":"<!-- This site is optimized with the Yoast SEO plugin v26.5 - https:\/\/yoast.com\/wordpress\/plugins\/seo\/ -->\n<title>Rejoignez-nous - AZOLIS<\/title>\n<meta name=\"description\" content=\"AZOLIS recrute des profils talentueux et passion\u00e9s par le solaire et l&#039;\u00e9cologie pour nous aider \u00e0 r\u00e9aliser des installations solaires innovantes et durables\" \/>\n<meta name=\"robots\" content=\"index, follow, max-snippet:-1, max-image-preview:large, max-video-preview:-1\" \/>\n<link rel=\"canonical\" href=\"https:\/\/azolis.com\/en\/rejoignez-nous-recrutement-profils\/\" \/>\n<meta property=\"og:locale\" content=\"en_GB\" \/>\n<meta property=\"og:type\" content=\"article\" \/>\n<meta property=\"og:title\" content=\"Rejoignez-nous - AZOLIS\" \/>\n<meta property=\"og:description\" content=\"AZOLIS recrute des profils talentueux et passion\u00e9s par le solaire et l&#039;\u00e9cologie pour nous aider \u00e0 r\u00e9aliser des installations solaires innovantes et durables\" \/>\n<meta property=\"og:url\" content=\"https:\/\/azolis.com\/en\/rejoignez-nous-recrutement-profils\/\" \/>\n<meta property=\"og:site_name\" content=\"AZOLIS\" \/>\n<meta property=\"article:modified_time\" content=\"2021-04-14T10:58:34+00:00\" \/>\n<meta property=\"og:image\" content=\"https:\/\/azolis.com\/wp-content\/uploads\/2020\/06\/AZOLIS-RECRUTE.png\" \/>\n\t<meta property=\"og:image:width\" content=\"781\" \/>\n\t<meta property=\"og:image:height\" content=\"438\" \/>\n\t<meta property=\"og:image:type\" content=\"image\/png\" \/>\n<meta name=\"twitter:card\" content=\"summary_large_image\" \/>\n<meta name=\"twitter:label1\" content=\"Estimated reading time\" \/>\n\t<meta name=\"twitter:data1\" content=\"1 minute\" \/>\n<script type=\"application\/ld+json\" class=\"yoast-schema-graph\">{\"@context\":\"https:\/\/schema.org\",\"@graph\":[{\"@type\":\"WebPage\",\"@id\":\"https:\/\/azolis.com\/en\/rejoignez-nous-recrutement-profils\/\",\"url\":\"https:\/\/azolis.com\/en\/rejoignez-nous-recrutement-profils\/\",\"name\":\"Rejoignez-nous - AZOLIS\",\"isPartOf\":{\"@id\":\"https:\/\/azolis.com\/en\/#website\"},\"primaryImageOfPage\":{\"@id\":\"https:\/\/azolis.com\/en\/rejoignez-nous-recrutement-profils\/#primaryimage\"},\"image\":{\"@id\":\"https:\/\/azolis.com\/en\/rejoignez-nous-recrutement-profils\/#primaryimage\"},\"thumbnailUrl\":\"https:\/\/azolis.com\/wp-content\/uploads\/2020\/06\/AZOLIS-RECRUTE.png\",\"datePublished\":\"2019-12-11T21:11:18+00:00\",\"dateModified\":\"2021-04-14T10:58:34+00:00\",\"description\":\"AZOLIS recrute des profils talentueux et passion\u00e9s par le solaire et l'\u00e9cologie pour nous aider \u00e0 r\u00e9aliser des installations solaires innovantes et durables\",\"inLanguage\":\"en-GB\",\"potentialAction\":[{\"@type\":\"ReadAction\",\"target\":[\"https:\/\/azolis.com\/en\/rejoignez-nous-recrutement-profils\/\"]}]},{\"@type\":\"ImageObject\",\"inLanguage\":\"en-GB\",\"@id\":\"https:\/\/azolis.com\/en\/rejoignez-nous-recrutement-profils\/#primaryimage\",\"url\":\"https:\/\/azolis.com\/wp-content\/uploads\/2020\/06\/AZOLIS-RECRUTE.png\",\"contentUrl\":\"https:\/\/azolis.com\/wp-content\/uploads\/2020\/06\/AZOLIS-RECRUTE.png\",\"width\":781,\"height\":438,\"caption\":\"Azolis recrute\"},{\"@type\":\"WebSite\",\"@id\":\"https:\/\/azolis.com\/en\/#website\",\"url\":\"https:\/\/azolis.com\/en\/\",\"name\":\"AZOLIS\",\"description\":\"Expert dans le photovolta\u00efque  | Toiture solaire | Hangar solaire\",\"potentialAction\":[{\"@type\":\"SearchAction\",\"target\":{\"@type\":\"EntryPoint\",\"urlTemplate\":\"https:\/\/azolis.com\/en\/?s={search_term_string}\"},\"query-input\":{\"@type\":\"PropertyValueSpecification\",\"valueRequired\":true,\"valueName\":\"search_term_string\"}}],\"inLanguage\":\"en-GB\"}]}<\/script>\n<!-- \/ Yoast SEO plugin. -->","yoast_head_json":{"title":"Rejoignez-nous - AZOLIS","description":"AZOLIS recrute des profils talentueux et passion\u00e9s par le solaire et l'\u00e9cologie pour nous aider \u00e0 r\u00e9aliser des installations solaires innovantes et durables","robots":{"index":"index","follow":"follow","max-snippet":"max-snippet:-1","max-image-preview":"max-image-preview:large","max-video-preview":"max-video-preview:-1"},"canonical":"https:\/\/azolis.com\/en\/rejoignez-nous-recrutement-profils\/","og_locale":"en_GB","og_type":"article","og_title":"Rejoignez-nous - AZOLIS","og_description":"AZOLIS recrute des profils talentueux et passion\u00e9s par le solaire et l'\u00e9cologie pour nous aider \u00e0 r\u00e9aliser des installations solaires innovantes et durables","og_url":"https:\/\/azolis.com\/en\/rejoignez-nous-recrutement-profils\/","og_site_name":"AZOLIS","article_modified_time":"2021-04-14T10:58:34+00:00","og_image":[{"width":781,"height":438,"url":"https:\/\/azolis.com\/wp-content\/uploads\/2020\/06\/AZOLIS-RECRUTE.png","type":"image\/png"}],"twitter_card":"summary_large_image","twitter_misc":{"Estimated reading time":"1 minute"},"schema":{"@context":"https:\/\/schema.org","@graph":[{"@type":"WebPage","@id":"https:\/\/azolis.com\/en\/rejoignez-nous-recrutement-profils\/","url":"https:\/\/azolis.com\/en\/rejoignez-nous-recrutement-profils\/","name":"Rejoignez-nous - AZOLIS","isPartOf":{"@id":"https:\/\/azolis.com\/en\/#website"},"primaryImageOfPage":{"@id":"https:\/\/azolis.com\/en\/rejoignez-nous-recrutement-profils\/#primaryimage"},"image":{"@id":"https:\/\/azolis.com\/en\/rejoignez-nous-recrutement-profils\/#primaryimage"},"thumbnailUrl":"https:\/\/azolis.com\/wp-content\/uploads\/2020\/06\/AZOLIS-RECRUTE.png","datePublished":"2019-12-11T21:11:18+00:00","dateModified":"2021-04-14T10:58:34+00:00","description":"AZOLIS recrute des profils talentueux et passion\u00e9s par le solaire et l'\u00e9cologie pour nous aider \u00e0 r\u00e9aliser des installations solaires innovantes et durables","inLanguage":"en-GB","potentialAction":[{"@type":"ReadAction","target":["https:\/\/azolis.com\/en\/rejoignez-nous-recrutement-profils\/"]}]},{"@type":"ImageObject","inLanguage":"en-GB","@id":"https:\/\/azolis.com\/en\/rejoignez-nous-recrutement-profils\/#primaryimage","url":"https:\/\/azolis.com\/wp-content\/uploads\/2020\/06\/AZOLIS-RECRUTE.png","contentUrl":"https:\/\/azolis.com\/wp-content\/uploads\/2020\/06\/AZOLIS-RECRUTE.png","width":781,"height":438,"caption":"Azolis recrute"},{"@type":"WebSite","@id":"https:\/\/azolis.com\/en\/#website","url":"https:\/\/azolis.com\/en\/","name":"AZOLIS","description":"Expert dans le photovolta\u00efque  | Toiture solaire | Hangar solaire","potentialAction":[{"@type":"SearchAction","target":{"@type":"EntryPoint","urlTemplate":"https:\/\/azolis.com\/en\/?s={search_term_string}"},"query-input":{"@type":"PropertyValueSpecification","valueRequired":true,"valueName":"search_term_string"}}],"inLanguage":"en-GB"}]}},"_links":{"self":[{"href":"https:\/\/azolis.com\/en\/wp-json\/wp\/v2\/pages\/593","targetHints":{"allow":["GET"]}}],"collection":[{"href":"https:\/\/azolis.com\/en\/wp-json\/wp\/v2\/pages"}],"about":[{"href":"https:\/\/azolis.com\/en\/wp-json\/wp\/v2\/types\/page"}],"author":[{"embeddable":true,"href":"https:\/\/azolis.com\/en\/wp-json\/wp\/v2\/users\/1"}],"replies":[{"embeddable":true,"href":"https:\/\/azolis.com\/en\/wp-json\/wp\/v2\/comments?post=593"}],"version-history":[{"count":0,"href":"https:\/\/azolis.com\/en\/wp-json\/wp\/v2\/pages\/593\/revisions"}],"wp:featuredmedia":[{"embeddable":true,"href":"https:\/\/azolis.com\/en\/wp-json\/wp\/v2\/media\/3170"}],"wp:attachment":[{"href":"https:\/\/azolis.com\/en\/wp-json\/wp\/v2\/media?parent=593"}],"curies":[{"name":"wp","href":"https:\/\/api.w.org\/{rel}","templated":true}]}}